{"id":77,"date":"2021-02-13T13:34:10","date_gmt":"2021-02-13T12:34:10","guid":{"rendered":"http:\/\/aunomdelart.net\/?page_id=77"},"modified":"2021-02-13T13:34:43","modified_gmt":"2021-02-13T12:34:43","slug":"les-volets-du-projet","status":"publish","type":"page","link":"https:\/\/aunomdelart.net\/index.php\/projets-et-actions\/les-reines-de-gaoui\/les-volets-du-projet\/","title":{"rendered":"Les volets du projet"},"content":{"rendered":"\n<table class=\"wp-block-table aligncenter\"><tbody><tr><\/tr><tr><td>                  <strong>    CREATION  D&#8217;UNE&nbsp;BIENNALE<\/strong>                &nbsp;<\/td><\/tr><\/tbody><\/table>\n\n\n\n<p>La biennale de sculpture en argile de Gaoui est comme un march\u00e9 de no\u00ebl des potiers nationaux et internationaux avec : <\/p>\n\n\n\n<ul><li>Des rencontres et partages d\u2019exp\u00e9riences.<\/li><li>Des r\u00e9sidences de cr\u00e9ations<\/li><li>Des ateliers de formations<\/li><li>Des conf\u00e9rences d\u00e9bats<\/li><li>Des rues marchandes + expositions<\/li><li>Des prix d&#8217;excellences<\/li><li>Des concerts&#8230;<\/li><\/ul>\n\n\n\n<p>Des milliers de visiteurs sont attendus pendant les 4 jours d&#8217;expos, de concerts et de rues marchandes.<\/p>\n\n\n\n<p>A cet effet, l\u2019immense sculpteur Burkinab\u00e9 Ky Siriki fera le d\u00e9placement au Tchad pour assurer la formation des candidates en collaboration avec Mawndoe et les potiers Tchadiens pendant 02 mois \u00e0 Gaoui. <\/p>\n\n\n\n<p>Deux autres artistes potiers de France, Florian Culis et Ana\u00efs Michalinoff, sont \u00e9galement attendus pour la formation des poti\u00e8res et pendant l\u2019\u00e9v\u00e9nement. <\/p>\n\n\n\n<table class=\"wp-block-table aligncenter\"><tbody><tr><\/tr><tr><td>                  <strong>    CREATION  D\u2019UN CENTRE A GAOUI   <\/strong>                 &nbsp;<\/td><\/tr><\/tbody><\/table>\n\n\n\n<p>Il est pr\u00e9vu de construire et d\u2019\u00e9quiper des espaces de cr\u00e9ation et de formation en art, artisanat et en poterie industrielle avec une \u00e9quipe permanente restreinte de salari\u00e9s.<\/p>\n\n\n\n<p>La direction de ce centre est confi\u00e9e \u00e0 l\u2019association \u00ab&nbsp;Au Nom de l\u2019Art&nbsp;\u00bb, auxquels peuvent \u00eatre associ\u00e9s les principaux bailleurs.&nbsp;&nbsp; Les modalit\u00e9s seront \u00e0 d\u00e9finir.<\/p>\n\n\n\n<table class=\"wp-block-table aligncenter\"><tbody><tr><\/tr><tr><td>              <strong>        AVEC UNE  GALERIE &nbsp; <\/strong>                   &nbsp;<\/td><\/tr><\/tbody><\/table>\n\n\n\n<p><strong>Cr\u00e9er et \u00e9quiper d\u2019un espace d&#8217;exposition permanentes pour les <\/strong>produits artistiques, artisanaux et en poteries industrielles. La Mairie de Gaoui a propos\u00e9 d\u2019allouer un local (Ancienne \u00e9cole \u00e0 l\u2019entr\u00e9e du village) pour l\u2019exposition. <\/p>\n\n\n\n<table class=\"wp-block-table aligncenter\"><tbody><tr><\/tr><tr><td>                     <strong> &nbsp;ET UN ESPACE ADMINISTRATIF     <\/strong>               &nbsp;<\/td><\/tr><\/tbody><\/table>\n\n\n\n<p>Construire et \u00e9quip\u00e9 un bureau et une salle de conf\u00e9rence qui peut servir d&#8217;espace de formation, d&#8217;\u00e9change et d\u2019alphab\u00e9tisation&#8230;<\/p>\n\n\n\n<p>Une \u00e9quipe administrative est pr\u00e9vue pour accompagner ces femmes et ce projet. <\/p>\n\n\n\n<table class=\"wp-block-table aligncenter\"><tbody><tr><\/tr><tr><td>          <strong>            EXPOTERIE     <\/strong>                   <\/td><\/tr><\/tbody><\/table>\n\n\n\n<p>&nbsp;Expoterie sera le titre de l&#8217;exposition qui sera organis\u00e9 en partenariat avec l&#8217;Institut fran\u00e7ais du Tchad et \u00e0 l&#8217;espace Talino Manu tous les 2 ans pour faire connaitre la poterie et rendre les produits accessibles au grand public.<\/p>\n\n\n\n<table class=\"wp-block-table aligncenter\"><tbody><tr><\/tr><tr><td>              <strong>        DES  ESPACES DE DISTRIBUTION    <\/strong>                &nbsp;<\/td><\/tr><\/tbody><\/table>\n\n\n\n<p>Outre les espaces de visibilit\u00e9 cr\u00e9\u00e9s lors des Biennales et des Expoteries, un circuit de distribution seront mis en place via diff\u00e9rents partenaires <\/p>\n\n\n\n<table class=\"wp-block-table aligncenter\"><tbody><tr><\/tr><tr><td>                      LA CONSTRUCTION D&#8217;UN FOUR    &nbsp;<\/td><\/tr><\/tbody><\/table>\n\n\n\n<p><strong>Il est \u00e9galement envisag\u00e9, \u00e0 moyen terme, de  construire&nbsp;un&nbsp;four&nbsp;\u00e0&nbsp;gaz&nbsp;avec&nbsp;Florian&nbsp;Culis&nbsp;et&nbsp;Ana\u00efs&nbsp;Michaloff&nbsp;<\/strong><\/p>\n\n\n\n<p><strong>Cela permettrait d\u2019\u00e9largir les\npossibilit\u00e9s de cr\u00e9ation des poti\u00e8res et d\u2019avoir \u00e9galement de nouveaux\nd\u00e9bouch\u00e9s sur la poterie industrielle. <\/strong><\/p>\n\n\n\n<p><strong>Cette \u00e9tude pourrait \u00eatre reprise\npour la c\u00e9ramique, les tuiles, ou autres produits industriels \u00e0 base de terre et\npourrait servir \u00e9galement \u00e0 la chaux.&nbsp;<\/strong><\/p>\n\n\n\n<table class=\"wp-block-table aligncenter\"><tbody><tr><td>           <strong>           UN MUSEE  MODERNE DE LA POTERIE<\/strong>                    &nbsp;<\/td><\/tr><\/tbody><\/table>\n\n\n\n<p>Le Tchad doit \u00eatre fier de sa culture, de son patrimoine. Mais la culture et le patrimoine ne se conjuguent pas qu\u2019au pass\u00e9. <\/p>\n\n\n\n<p>Il est important de valoriser et de promouvoir la culture, la cr\u00e9ativit\u00e9 de son art contemporain.&nbsp;<strong> <\/strong><\/p>\n\n\n\n<p>La cr\u00e9ation d\u2019un mus\u00e9e peut \u00eatre envisag\u00e9e \u00e0 long terme. <\/p>\n\n\n\n<table class=\"wp-block-table aligncenter\"><tbody><tr><\/tr><tr><td>                 <strong>     VISION A   TRES LONG TERME          <\/strong>          &nbsp;<\/td><\/tr><\/tbody><\/table>\n\n\n\n<div class=\"wp-block-cover has-background-dim\"><p class=\"wp-block-cover-text\">Une fili\u00e8re artistique et industrielle de la terre<\/p><\/div>\n\n\n\n<p><\/p>\n","protected":false},"excerpt":{"rendered":"<p>CREATION D&#8217;UNE&nbsp;BIENNALE &nbsp; La biennale de sculpture en argile de Gaoui est comme un march\u00e9 de no\u00ebl des potiers nationaux et internationaux avec : Des rencontres et partages d\u2019exp\u00e9riences. Des r\u00e9sidences de cr\u00e9ations Des ateliers de formations Des conf\u00e9rences d\u00e9bats Des rues marchandes + expositions Des prix d&#8217;excellences Des concerts&#8230; Des milliers de visiteurs sont [&hellip;]<\/p>\n","protected":false},"author":1,"featured_media":0,"parent":21,"menu_order":1,"comment_status":"closed","ping_status":"closed","template":"","meta":[],"_links":{"self":[{"href":"https:\/\/aunomdelart.net\/index.php\/wp-json\/wp\/v2\/pages\/77"}],"collection":[{"href":"https:\/\/aunomdelart.net\/index.php\/wp-json\/wp\/v2\/pages"}],"about":[{"href":"https:\/\/aunomdelart.net\/index.php\/wp-json\/wp\/v2\/types\/page"}],"author":[{"embeddable":true,"href":"https:\/\/aunomdelart.net\/index.php\/wp-json\/wp\/v2\/users\/1"}],"replies":[{"embeddable":true,"href":"https:\/\/aunomdelart.net\/index.php\/wp-json\/wp\/v2\/comments?post=77"}],"version-history":[{"count":2,"href":"https:\/\/aunomdelart.net\/index.php\/wp-json\/wp\/v2\/pages\/77\/revisions"}],"predecessor-version":[{"id":79,"href":"https:\/\/aunomdelart.net\/index.php\/wp-json\/wp\/v2\/pages\/77\/revisions\/79"}],"up":[{"embeddable":true,"href":"https:\/\/aunomdelart.net\/index.php\/wp-json\/wp\/v2\/pages\/21"}],"wp:attachment":[{"href":"https:\/\/aunomdelart.net\/index.php\/wp-json\/wp\/v2\/media?parent=77"}],"curies":[{"name":"wp","href":"https:\/\/api.w.org\/{rel}","templated":true}]}}