{"id":769,"date":"2025-05-08T21:26:30","date_gmt":"2025-05-08T19:26:30","guid":{"rendered":"http:\/\/aunomdelart.net\/?page_id=769"},"modified":"2025-05-08T21:27:18","modified_gmt":"2025-05-08T19:27:18","slug":"archives","status":"publish","type":"page","link":"https:\/\/aunomdelart.net\/index.php\/archives\/","title":{"rendered":"Archives"},"content":{"rendered":"\n<p id=\"block-311269ac-0ea6-4cc9-986b-4319f9a000c0\">Depuis 2020 Au nom de l\u2019Art, c\u2019est une impulsion d\u2019o\u00f9 a jailli :<\/p>\n\n\n\n<ul id=\"block-c270a4a1-abe7-466d-891b-d031ef8adcff\"><li>Une <a href=\"http:\/\/aunomdelart.net\/index.php\/page-d-exemple\/residence-de-creation-janvier-mars-2020\/\">r\u00e9sidence de cr\u00e9ation <\/a>avec des enfants au Tchad &#8211; Janvier &#8211; Mars 2020<\/li><li>Un projet \u00e0 but artistique, \u00e9conomique et social &#8211; Les poti\u00e8res de Gaoui aussi d\u00e9nomm\u00e9e <a href=\"http:\/\/aunomdelart.net\/index.php\/les-reines-de-gaoui\/\">Les Reines de Gaoui)<\/a>.&nbsp;R\u00e9sidence&nbsp;de&nbsp;cr\u00e9ation&nbsp;et&nbsp;centre&nbsp;de&nbsp;ressource&nbsp;sont&nbsp;actuellement&nbsp;en&nbsp;cours&nbsp;\u00e0&nbsp;Gaoui pour 50 femmes poti\u00e8res.<\/li><li><a href=\"http:\/\/aunomdelart.net\/index.php\/page-d-exemple\/\">Au Nom de l&#8217;Art Acad\u00e9mie &#8211;<\/a> &nbsp;Dans la continuit\u00e9 de la r\u00e9sidence de cr\u00e9ation avec les enfant d\u00e9but janvier 2020, c&#8217;est un projet d&#8217;enregistrement d&#8217;\u00e9missions inter-etablissement autour des m\u00e9tiers des arts. Pour donner les outils et la chance aux enfants du Tchad de r\u00eaver une autre vie que celle qui a \u00e9t\u00e9 donn\u00e9e \u00e0 leurs ain\u00e9s.<\/li><\/ul>\n\n\n\n<p id=\"block-849328a5-6824-451c-b387-31efe4e05437\"><a href=\"https:\/\/aunomdelart.net\/index.php\/gaoui-village-de-largile-2021-2022\/\">Gaoui- village de l&#8217;argile :<\/a> Maintenant, c&#8217;est tout le village qui se retrouve lors des randonn\u00e9es. Sans oublier les formations de Florian et Ana\u00efs ainsi que les prix d&#8217;excellence.<\/p>\n\n\n\n<p id=\"block-9362f821-d835-45f0-a9bd-ffd90383f0c7\"><a href=\"https:\/\/aunomdelart.net\/index.php\/au-dela-de-lart\/\">Au del\u00e0 de l&#8217;art :<\/a> Quand l&#8217;art devient vecteur de d\u00e9veloppement \u00e9conomique<\/p>\n\n\n\n<p id=\"block-25ef17b0-077a-4b2c-8ceb-dea83500fc99\"><strong><a href=\"https:\/\/aunomdelart.net\/index.php\/projets-et-actions\/au-coeur-de-lart\/\">Au Coeur de l&#8217;Art<\/a><\/strong> avec le camps des 500 jeunes et le festival en avril 2025<\/p>\n\n\n\n<p id=\"block-fd869e88-6daa-4747-b515-e773795aa597\"><strong>Au coeur de l&#8217;Art<\/strong> : <em>Ce projet est un exemple concret de la fa\u00e7on dont l&#8217;art, la culture<\/em> <em>et l&#8217;esprit d&#8217;entrepreneuriat peuvent \u00eatre utilis\u00e9s<\/em> <em>&nbsp;pour promouvoir<\/em> <em>le d\u00e9veloppement social et \u00e9conomique d&#8217;un pays.<\/em><\/p>\n\n\n\n<p id=\"block-d75a8fa8-585d-4b72-a7aa-4ab46cbcf224\">Ce projet n&#8217;est possible qu&#8217;avec l&#8217;implication financi\u00e8re d&#8217;Acc\u00e8s Culture.<\/p>\n\n\n\n<figure class=\"wp-block-image\"><img src=\"http:\/\/aunomdelart.net\/wp-content\/uploads\/2022\/06\/telechargement.jpg\" alt=\"\"\/><\/figure>\n\n\n\n<figure class=\"wp-block-image\" id=\"block-fea40390-9fb2-40ea-acba-f326e8fceba1\"><img src=\"http:\/\/aunomdelart.net\/wp-content\/uploads\/2021\/02\/logo-lion-234x300.jpg\" alt=\"This image has an empty alt attribute; its file name is logo-lion-234x300.jpg\"\/><\/figure>\n","protected":false},"excerpt":{"rendered":"<p>Depuis 2020 Au nom de l\u2019Art, c\u2019est une impulsion d\u2019o\u00f9 a jailli : Une r\u00e9sidence de cr\u00e9ation avec des enfants au Tchad &#8211; Janvier &#8211; Mars 2020 Un projet \u00e0 but artistique, \u00e9conomique et social &#8211; Les poti\u00e8res de Gaoui aussi d\u00e9nomm\u00e9e Les Reines de Gaoui).&nbsp;R\u00e9sidence&nbsp;de&nbsp;cr\u00e9ation&nbsp;et&nbsp;centre&nbsp;de&nbsp;ressource&nbsp;sont&nbsp;actuellement&nbsp;en&nbsp;cours&nbsp;\u00e0&nbsp;Gaoui pour 50 femmes poti\u00e8res. Au Nom de l&#8217;Art Acad\u00e9mie [&hellip;]<\/p>\n","protected":false},"author":1,"featured_media":0,"parent":0,"menu_order":0,"comment_status":"closed","ping_status":"closed","template":"","meta":[],"_links":{"self":[{"href":"https:\/\/aunomdelart.net\/index.php\/wp-json\/wp\/v2\/pages\/769"}],"collection":[{"href":"https:\/\/aunomdelart.net\/index.php\/wp-json\/wp\/v2\/pages"}],"about":[{"href":"https:\/\/aunomdelart.net\/index.php\/wp-json\/wp\/v2\/types\/page"}],"author":[{"embeddable":true,"href":"https:\/\/aunomdelart.net\/index.php\/wp-json\/wp\/v2\/users\/1"}],"replies":[{"embeddable":true,"href":"https:\/\/aunomdelart.net\/index.php\/wp-json\/wp\/v2\/comments?post=769"}],"version-history":[{"count":2,"href":"https:\/\/aunomdelart.net\/index.php\/wp-json\/wp\/v2\/pages\/769\/revisions"}],"predecessor-version":[{"id":773,"href":"https:\/\/aunomdelart.net\/index.php\/wp-json\/wp\/v2\/pages\/769\/revisions\/773"}],"wp:attachment":[{"href":"https:\/\/aunomdelart.net\/index.php\/wp-json\/wp\/v2\/media?parent=769"}],"curies":[{"name":"wp","href":"https:\/\/api.w.org\/{rel}","templated":true}]}}