{"id":728,"date":"2025-03-19T22:07:17","date_gmt":"2025-03-19T21:07:17","guid":{"rendered":"https:\/\/aunomdelart.net\/?page_id=728"},"modified":"2025-03-19T22:31:52","modified_gmt":"2025-03-19T21:31:52","slug":"live-mawndoe","status":"publish","type":"page","link":"https:\/\/aunomdelart.net\/index.php\/mawndoe\/live-mawndoe\/","title":{"rendered":"Live Mawndo\u00e9"},"content":{"rendered":"\n<p>En raison d&#8217;un important  incident technique sur le site officiel de Mawndo\u00e9, de nombreuses vid\u00e9os sont inaccessibles. voici quelques liens de live. Merci \u00e0 l&#8217;Institut Fran\u00e7ais du Tchad et la T\u00e9l\u00e9 d&#8217;ici du Tchad pour leur captation et  leur mise \u00e0 disposition. <\/p>\n\n\n\n<div class=\"wp-block-media-text alignwide is-stacked-on-mobile\"><figure class=\"wp-block-media-text__media\"><a href=\"https:\/\/youtu.be\/WEIb2H8RRJI?si=c5mNvGwKUwvxJ0ST\" target=\"_blank\" rel=\"noopener\"><img loading=\"lazy\" width=\"1024\" height=\"536\" src=\"http:\/\/aunomdelart.net\/wp-content\/uploads\/2025\/03\/image-3-1024x536.png\" alt=\"\" class=\"wp-image-732 size-full\" srcset=\"https:\/\/aunomdelart.net\/wp-content\/uploads\/2025\/03\/image-3-1024x536.png 1024w, https:\/\/aunomdelart.net\/wp-content\/uploads\/2025\/03\/image-3-300x157.png 300w, https:\/\/aunomdelart.net\/wp-content\/uploads\/2025\/03\/image-3-768x402.png 768w, https:\/\/aunomdelart.net\/wp-content\/uploads\/2025\/03\/image-3-1536x804.png 1536w, https:\/\/aunomdelart.net\/wp-content\/uploads\/2025\/03\/image-3-830x434.png 830w, https:\/\/aunomdelart.net\/wp-content\/uploads\/2025\/03\/image-3-230x120.png 230w, https:\/\/aunomdelart.net\/wp-content\/uploads\/2025\/03\/image-3-350x183.png 350w, https:\/\/aunomdelart.net\/wp-content\/uploads\/2025\/03\/image-3-480x251.png 480w, https:\/\/aunomdelart.net\/wp-content\/uploads\/2025\/03\/image-3.png 1701w\" sizes=\"(max-width: 1024px) 100vw, 1024px\" \/><\/a><\/figure><div class=\"wp-block-media-text__content\">\n<figure class=\"wp-block-pullquote\"><blockquote><p>Au Nom de l&#8217;Art <\/p><p><em> T\u00e9l\u00e9 d&#8217;Ici<\/em><\/p><cite><a href=\"https:\/\/youtu.be\/WEIb2H8RRJI?si=c5mNvGwKUwvxJ0ST\" target=\"_blank\" rel=\"noreferrer noopener\">https:\/\/youtu.be\/WEIb2H8RRJI?si=c5mNvGwKUwvxJ0ST<\/a><\/cite><\/blockquote><\/figure>\n\n\n\n<p><\/p>\n<\/div><\/div>\n\n\n\n<div class=\"wp-block-media-text alignwide is-stacked-on-mobile\"><figure class=\"wp-block-media-text__media\"><a href=\"https:\/\/www.facebook.com\/share\/r\/15SY5mSQzD\/\" target=\"_blank\" rel=\"noopener\"><img loading=\"lazy\" width=\"754\" height=\"437\" src=\"http:\/\/aunomdelart.net\/wp-content\/uploads\/2025\/03\/image-7.png\" alt=\"\" class=\"wp-image-743 size-full\" srcset=\"https:\/\/aunomdelart.net\/wp-content\/uploads\/2025\/03\/image-7.png 754w, https:\/\/aunomdelart.net\/wp-content\/uploads\/2025\/03\/image-7-300x174.png 300w, https:\/\/aunomdelart.net\/wp-content\/uploads\/2025\/03\/image-7-230x133.png 230w, https:\/\/aunomdelart.net\/wp-content\/uploads\/2025\/03\/image-7-350x203.png 350w, https:\/\/aunomdelart.net\/wp-content\/uploads\/2025\/03\/image-7-480x278.png 480w\" sizes=\"(max-width: 754px) 100vw, 754px\" \/><\/a><\/figure><div class=\"wp-block-media-text__content\">\n<figure class=\"wp-block-pullquote\"><blockquote><p>Au Nom de l&#8217;Art<\/p><p><em>Institut Fran\u00e7ais<\/em><\/p><cite><a href=\"https:\/\/www.facebook.com\/share\/r\/15SY5mSQzD\/\" target=\"_blank\" rel=\"noreferrer noopener\">https:\/\/www.facebook.com\/share\/r\/15SY5mSQzD\/<\/a><\/cite><\/blockquote><\/figure>\n<\/div><\/div>\n\n\n\n<div class=\"wp-block-media-text alignwide is-stacked-on-mobile\"><figure class=\"wp-block-media-text__media\"><a href=\"https:\/\/www.facebook.com\/share\/r\/1BpEb4GemH\/\" target=\"_blank\" rel=\"noopener\"><img loading=\"lazy\" width=\"770\" height=\"462\" src=\"http:\/\/aunomdelart.net\/wp-content\/uploads\/2025\/03\/image-4.png\" alt=\"\" class=\"wp-image-733 size-full\" srcset=\"https:\/\/aunomdelart.net\/wp-content\/uploads\/2025\/03\/image-4.png 770w, https:\/\/aunomdelart.net\/wp-content\/uploads\/2025\/03\/image-4-300x180.png 300w, https:\/\/aunomdelart.net\/wp-content\/uploads\/2025\/03\/image-4-768x461.png 768w, https:\/\/aunomdelart.net\/wp-content\/uploads\/2025\/03\/image-4-230x138.png 230w, https:\/\/aunomdelart.net\/wp-content\/uploads\/2025\/03\/image-4-350x210.png 350w, https:\/\/aunomdelart.net\/wp-content\/uploads\/2025\/03\/image-4-480x288.png 480w\" sizes=\"(max-width: 770px) 100vw, 770px\" \/><\/a><\/figure><div class=\"wp-block-media-text__content\">\n<figure class=\"wp-block-pullquote\"><blockquote><p>Je me comprends pas <\/p><p><em>Institut Fran\u00e7ais<\/em><\/p><cite><a rel=\"noreferrer noopener\" href=\"https:\/\/www.facebook.com\/share\/r\/1BpEb4GemH\/\" target=\"_blank\">https:\/\/www.facebook.com\/share\/r\/1BpEb4GemH\/<\/a><\/cite><\/blockquote><\/figure>\n\n\n\n<p><\/p>\n<\/div><\/div>\n\n\n\n<div class=\"wp-block-media-text alignwide is-stacked-on-mobile\"><figure class=\"wp-block-media-text__media\"><a href=\"https:\/\/www.facebook.com\/share\/r\/1BWX9PQVex\/\"><img loading=\"lazy\" width=\"669\" height=\"476\" src=\"http:\/\/aunomdelart.net\/wp-content\/uploads\/2025\/03\/image-5.png\" alt=\"\" class=\"wp-image-734 size-full\" srcset=\"https:\/\/aunomdelart.net\/wp-content\/uploads\/2025\/03\/image-5.png 669w, https:\/\/aunomdelart.net\/wp-content\/uploads\/2025\/03\/image-5-300x213.png 300w, https:\/\/aunomdelart.net\/wp-content\/uploads\/2025\/03\/image-5-230x164.png 230w, https:\/\/aunomdelart.net\/wp-content\/uploads\/2025\/03\/image-5-350x249.png 350w, https:\/\/aunomdelart.net\/wp-content\/uploads\/2025\/03\/image-5-480x342.png 480w\" sizes=\"(max-width: 669px) 100vw, 669px\" \/><\/a><\/figure><div class=\"wp-block-media-text__content\">\n<figure class=\"wp-block-pullquote\"><blockquote><p>Bien vu Mal vu <\/p><p><em>Institut Fran\u00e7ais<\/em><\/p><cite><a href=\"https:\/\/www.facebook.com\/share\/r\/1BWX9PQVex\/\">https:\/\/www.facebook.com\/share\/r\/1BWX9PQVex\/<\/a><\/cite><\/blockquote><\/figure>\n<\/div><\/div>\n\n\n\n<div class=\"wp-block-media-text alignwide is-stacked-on-mobile\"><figure class=\"wp-block-media-text__media\"><a href=\"https:\/\/www.facebook.com\/share\/r\/1A5QMjgrYz\/\"><img loading=\"lazy\" width=\"758\" height=\"415\" src=\"http:\/\/aunomdelart.net\/wp-content\/uploads\/2025\/03\/image-6.png\" alt=\"\" class=\"wp-image-735 size-full\" srcset=\"https:\/\/aunomdelart.net\/wp-content\/uploads\/2025\/03\/image-6.png 758w, https:\/\/aunomdelart.net\/wp-content\/uploads\/2025\/03\/image-6-300x164.png 300w, https:\/\/aunomdelart.net\/wp-content\/uploads\/2025\/03\/image-6-230x126.png 230w, https:\/\/aunomdelart.net\/wp-content\/uploads\/2025\/03\/image-6-350x192.png 350w, https:\/\/aunomdelart.net\/wp-content\/uploads\/2025\/03\/image-6-480x263.png 480w\" sizes=\"(max-width: 758px) 100vw, 758px\" \/><\/a><\/figure><div class=\"wp-block-media-text__content\">\n<figure class=\"wp-block-pullquote\"><blockquote><p>Reconnaissant (Piano et voix) &#8211; <em>Institut Fran\u00e7ais<\/em><\/p><cite><a href=\"https:\/\/www.facebook.com\/share\/r\/1A5QMjgrYz\/\" target=\"_blank\" rel=\"noreferrer noopener\">https:\/\/www.facebook.com\/share\/r\/1A5QMjgrYz\/<\/a><\/cite><\/blockquote><\/figure>\n<\/div><\/div>\n\n\n\n<div class=\"wp-block-media-text alignwide is-stacked-on-mobile\"><figure class=\"wp-block-media-text__media\"><a href=\"https:\/\/www.facebook.com\/share\/r\/1BEM7jRYWD\/\" target=\"_blank\" rel=\"noopener\"><img loading=\"lazy\" width=\"752\" height=\"434\" src=\"http:\/\/aunomdelart.net\/wp-content\/uploads\/2025\/03\/image-8.png\" alt=\"\" class=\"wp-image-745 size-full\" srcset=\"https:\/\/aunomdelart.net\/wp-content\/uploads\/2025\/03\/image-8.png 752w, https:\/\/aunomdelart.net\/wp-content\/uploads\/2025\/03\/image-8-300x173.png 300w, https:\/\/aunomdelart.net\/wp-content\/uploads\/2025\/03\/image-8-230x133.png 230w, https:\/\/aunomdelart.net\/wp-content\/uploads\/2025\/03\/image-8-350x202.png 350w, https:\/\/aunomdelart.net\/wp-content\/uploads\/2025\/03\/image-8-480x277.png 480w\" sizes=\"(max-width: 752px) 100vw, 752px\" \/><\/a><\/figure><div class=\"wp-block-media-text__content\">\n<figure class=\"wp-block-pullquote\"><blockquote><p>Aim\u00e9 <\/p><p><em>Institut Fran\u00e7ais<\/em><\/p><cite><a href=\"https:\/\/www.facebook.com\/share\/r\/1BEM7jRYWD\/\" target=\"_blank\" rel=\"noreferrer noopener\">https:\/\/www.facebook.com\/share\/r\/1BEM7jRYWD\/<\/a><\/cite><\/blockquote><\/figure>\n\n\n\n<p><\/p>\n<\/div><\/div>\n","protected":false},"excerpt":{"rendered":"<p>En raison d&#8217;un important incident technique sur le site officiel de Mawndo\u00e9, de nombreuses vid\u00e9os sont inaccessibles. voici quelques liens de live. Merci \u00e0 l&#8217;Institut Fran\u00e7ais du Tchad et la T\u00e9l\u00e9 d&#8217;ici du Tchad pour leur captation et leur mise \u00e0 disposition. Au Nom de l&#8217;Art T\u00e9l\u00e9 d&#8217;Ici https:\/\/youtu.be\/WEIb2H8RRJI?si=c5mNvGwKUwvxJ0ST Au Nom de l&#8217;Art Institut Fran\u00e7ais [&hellip;]<\/p>\n","protected":false},"author":1,"featured_media":0,"parent":473,"menu_order":4,"comment_status":"closed","ping_status":"closed","template":"","meta":[],"_links":{"self":[{"href":"https:\/\/aunomdelart.net\/index.php\/wp-json\/wp\/v2\/pages\/728"}],"collection":[{"href":"https:\/\/aunomdelart.net\/index.php\/wp-json\/wp\/v2\/pages"}],"about":[{"href":"https:\/\/aunomdelart.net\/index.php\/wp-json\/wp\/v2\/types\/page"}],"author":[{"embeddable":true,"href":"https:\/\/aunomdelart.net\/index.php\/wp-json\/wp\/v2\/users\/1"}],"replies":[{"embeddable":true,"href":"https:\/\/aunomdelart.net\/index.php\/wp-json\/wp\/v2\/comments?post=728"}],"version-history":[{"count":6,"href":"https:\/\/aunomdelart.net\/index.php\/wp-json\/wp\/v2\/pages\/728\/revisions"}],"predecessor-version":[{"id":749,"href":"https:\/\/aunomdelart.net\/index.php\/wp-json\/wp\/v2\/pages\/728\/revisions\/749"}],"up":[{"embeddable":true,"href":"https:\/\/aunomdelart.net\/index.php\/wp-json\/wp\/v2\/pages\/473"}],"wp:attachment":[{"href":"https:\/\/aunomdelart.net\/index.php\/wp-json\/wp\/v2\/media?parent=728"}],"curies":[{"name":"wp","href":"https:\/\/api.w.org\/{rel}","templated":true}]}}