{"id":69,"date":"2021-02-13T13:15:04","date_gmt":"2021-02-13T12:15:04","guid":{"rendered":"http:\/\/aunomdelart.net\/?page_id=69"},"modified":"2025-05-08T21:43:17","modified_gmt":"2025-05-08T19:43:17","slug":"les-objectifs-du-projet","status":"publish","type":"page","link":"https:\/\/aunomdelart.net\/index.php\/projets-et-actions\/les-reines-de-gaoui\/les-objectifs-du-projet\/","title":{"rendered":"Les objectifs du projet"},"content":{"rendered":"\n<table class=\"wp-block-table aligncenter\"><tbody><tr><\/tr><tr><td>                     <strong> OBJECTIFS     SOCIAUX  <\/strong>                   &nbsp;<\/td><\/tr><\/tbody><\/table>\n\n\n\n<p><strong>R\u00e9unir 50 femmes de diff\u00e9rentes\nfamilles du m\u00e8me village de diff\u00e9rents groupements au sein de l&#8217;association Au\nnom de l&#8217;art pour cr\u00e9er, produire, vendre dans le vivre ensemble.<\/strong><\/p>\n\n\n\n<p><strong>Permettre aux femmes poti\u00e8res d\u2019\u00eatres\nfi\u00e8res et dignes de faire un m\u00e9tier noble qui est la poterie.<\/strong><\/p>\n\n\n\n<table class=\"wp-block-table aligncenter\"><tbody><tr><td>        <strong>              OBJECTIFS     ECONOMIQUES     <\/strong>               &nbsp;<\/td><\/tr><\/tbody><\/table>\n\n\n\n<p><strong>50 femmes qui feront vivre 50\nfamilles avec en moyenne 05 personnes par foyer. Ce qui revient \u00e0 environ 250\npersonnes \u00e0 nourrir et \u00e9ventuellement 150 enfants scolaris\u00e9s.<\/strong><\/p>\n\n\n\n<p><strong>On ne peut parler d&#8217;\u00e9galit\u00e9 de sexe\nsans parler autonomie financi\u00e8re et \u00e9conomique. <\/strong><\/p>\n\n\n\n<table class=\"wp-block-table aligncenter\"><tbody><tr><\/tr><tr><td>         <strong>             OBJECTIFS CULTURELS   <\/strong>                 &nbsp;<\/td><\/tr><\/tbody><\/table>\n\n\n\n<p><strong>&nbsp;Former les poti\u00e8res \u00e0 l&#8217;art de\nla poterie avec des intervenants internationaux.&nbsp;<\/strong><\/p>\n\n\n\n<p><strong>Contribuer \u00e0 faire connaitre\nd&#8217;avantage la culture Sao et de ses descendants \u00e0 travers la poterie.<\/strong><\/p>\n\n\n\n<p><strong>Cr\u00e9er le centre de Gaoui, o\u00f9&nbsp;les\npoti\u00e8res&nbsp;pourront se r\u00e9unir, se former et \u00e9changer techniques,\nsavoir-faire et exposer leurs \u0153uvres. <\/strong><\/p>\n\n\n\n<p><strong>Faire du petit village de Gaoui un\ngrand site touristique et artistique pour des visiteurs.<\/strong><\/p>\n\n\n\n<p><strong>Faire perp\u00e9tuer cet art gr\u00e2ce auquel\non a retrouv\u00e9 les traces de nos anc\u00eatres les Sao, le faire connaitre et le\npartag\u00e9 avec le monde entier.<\/strong><\/p>\n\n\n\n<p><strong>Envoyer un message fort \u00e0 l&#8217;humain que pour \u00eatre heureux, il faut \u00eatre de soi, \u00eatre fier de sa culture et de ses origines.<\/strong><\/p>\n\n\n\n<div class=\"wp-block-image\"><figure class=\"aligncenter\"><img loading=\"lazy\" width=\"368\" height=\"199\" src=\"http:\/\/aunomdelart.net\/wp-content\/uploads\/2021\/02\/image-6.png\" alt=\"\" class=\"wp-image-70\" srcset=\"https:\/\/aunomdelart.net\/wp-content\/uploads\/2021\/02\/image-6.png 368w, https:\/\/aunomdelart.net\/wp-content\/uploads\/2021\/02\/image-6-300x162.png 300w\" sizes=\"(max-width: 368px) 100vw, 368px\" \/><\/figure><\/div>\n","protected":false},"excerpt":{"rendered":"<p>OBJECTIFS SOCIAUX &nbsp; R\u00e9unir 50 femmes de diff\u00e9rentes familles du m\u00e8me village de diff\u00e9rents groupements au sein de l&#8217;association Au nom de l&#8217;art pour cr\u00e9er, produire, vendre dans le vivre ensemble. Permettre aux femmes poti\u00e8res d\u2019\u00eatres fi\u00e8res et dignes de faire un m\u00e9tier noble qui est la poterie. OBJECTIFS ECONOMIQUES &nbsp; 50 femmes qui feront [&hellip;]<\/p>\n","protected":false},"author":1,"featured_media":0,"parent":21,"menu_order":0,"comment_status":"closed","ping_status":"closed","template":"","meta":[],"_links":{"self":[{"href":"https:\/\/aunomdelart.net\/index.php\/wp-json\/wp\/v2\/pages\/69"}],"collection":[{"href":"https:\/\/aunomdelart.net\/index.php\/wp-json\/wp\/v2\/pages"}],"about":[{"href":"https:\/\/aunomdelart.net\/index.php\/wp-json\/wp\/v2\/types\/page"}],"author":[{"embeddable":true,"href":"https:\/\/aunomdelart.net\/index.php\/wp-json\/wp\/v2\/users\/1"}],"replies":[{"embeddable":true,"href":"https:\/\/aunomdelart.net\/index.php\/wp-json\/wp\/v2\/comments?post=69"}],"version-history":[{"count":2,"href":"https:\/\/aunomdelart.net\/index.php\/wp-json\/wp\/v2\/pages\/69\/revisions"}],"predecessor-version":[{"id":72,"href":"https:\/\/aunomdelart.net\/index.php\/wp-json\/wp\/v2\/pages\/69\/revisions\/72"}],"up":[{"embeddable":true,"href":"https:\/\/aunomdelart.net\/index.php\/wp-json\/wp\/v2\/pages\/21"}],"wp:attachment":[{"href":"https:\/\/aunomdelart.net\/index.php\/wp-json\/wp\/v2\/media?parent=69"}],"curies":[{"name":"wp","href":"https:\/\/api.w.org\/{rel}","templated":true}]}}