{"id":596,"date":"2025-02-15T23:28:17","date_gmt":"2025-02-15T22:28:17","guid":{"rendered":"https:\/\/aunomdelart.net\/?page_id=596"},"modified":"2025-05-08T21:17:58","modified_gmt":"2025-05-08T19:17:58","slug":"impact-social","status":"publish","type":"page","link":"https:\/\/aunomdelart.net\/index.php\/mawndoe\/impact-social\/","title":{"rendered":"Impact social"},"content":{"rendered":"\n<p class=\"has-text-align-center has-medium-font-size\"><strong>Un <\/strong><strong>engagement<\/strong><strong> artistique aux r\u00e9percussions sociales<\/strong><\/p>\n\n\n\n<figure class=\"wp-block-image size-large\"><img loading=\"lazy\" width=\"1024\" height=\"342\" src=\"https:\/\/aunomdelart.net\/wp-content\/uploads\/2025\/02\/Final-1024x342.jpg\" alt=\"\" class=\"wp-image-597\" srcset=\"https:\/\/aunomdelart.net\/wp-content\/uploads\/2025\/02\/Final-1024x342.jpg 1024w, https:\/\/aunomdelart.net\/wp-content\/uploads\/2025\/02\/Final-300x100.jpg 300w, https:\/\/aunomdelart.net\/wp-content\/uploads\/2025\/02\/Final-768x256.jpg 768w, https:\/\/aunomdelart.net\/wp-content\/uploads\/2025\/02\/Final-1536x513.jpg 1536w, https:\/\/aunomdelart.net\/wp-content\/uploads\/2025\/02\/Final-2048x684.jpg 2048w, https:\/\/aunomdelart.net\/wp-content\/uploads\/2025\/02\/Final-830x277.jpg 830w, https:\/\/aunomdelart.net\/wp-content\/uploads\/2025\/02\/Final-230x77.jpg 230w, https:\/\/aunomdelart.net\/wp-content\/uploads\/2025\/02\/Final-350x117.jpg 350w, https:\/\/aunomdelart.net\/wp-content\/uploads\/2025\/02\/Final-480x160.jpg 480w\" sizes=\"(max-width: 1024px) 100vw, 1024px\" \/><figcaption>Camp des 500 jeunes <\/figcaption><\/figure>\n\n\n\n<p>L&#8217;impact social et musical de Mawndo\u00e9 s\u2019amplifie, attirant une attention m\u00e9diatique croissante. De nombreux reportages et interviews mettent en lumi\u00e8re son engagement artistique et humanitaire. \u00c0 travers les m\u00e9dias nationaux et internationaux, il inscrit l\u2019art au c\u0153ur d\u2019un projet social et \u00e9conomique d\u2019envergure.<\/p>\n\n\n\n<p><strong>L\u2019Art, moteur de transformation sociale<\/strong><\/p>\n\n\n\n<p>Convaincu que la culture est un levier de changement, il initie des projets m\u00ealant art et d\u00e9veloppement \u00e9conomique. \u00c0 Gaoui, il cr\u00e9e La Maison de l\u2019Argile, un espace structurant pour les femmes poti\u00e8res, leur offrant formation et opportunit\u00e9s \u00e9conomiques. Il met en place L\u2019Expoterie ou autres \u00e9v\u00e8nements , facilitant la distribution de l\u2019artisanat via march\u00e9s et \u00e9v\u00e9nements culturels. Ces femmes en viennent m\u00eame \u00e0 voyager \u00e0 l\u2019\u00e9tranger pour transmettre leur savoir-faire.<\/p>\n\n\n\n<p>Son engagement s\u2019\u00e9tend aussi aux jeunes. Avec le soutien de l\u2019Unicef, il encourage leur participation \u00e0 des projets culturels et sociaux. \u00c0 travers l\u2019\u00e9mission &#8220;Au Nom de l\u2019Art Talents&#8221;, il met en avant des artistes, organise d\u00e9bats et accompagne des cr\u00e9ateurs dans plusieurs villes du Tchad.<\/p>\n\n\n\n<p><strong>Le <\/strong><strong>Centre Bakara : un carrefour culturel et social<\/strong><\/p>\n\n\n\n<p>\u00c0 N\u2019Djamena, il inaugure le Centre Culturel de Bakara, un lieu effervescent qui accueille festivals, r\u00e9sidences, expositions et formations. Ce centre devient un espace de convergence o\u00f9 se rencontrent artistes, artisans et penseurs, favorisant le dialogue entre culture et engagement social.<\/p>\n\n\n\n<p><strong>Un projet structurant pour l\u2019avenir<\/strong><\/p>\n\n\n\n<p>Laur\u00e9at du programme Acc\u00e8s Culture, Mawndo\u00e9 \u0153uvre \u00e0 faire de l\u2019art un moteur de d\u00e9veloppement social et \u00e9conomique. En accompagnant artistes et artisans, il participe \u00e0 l\u2019\u00e9mergence d\u2019une \u00e9conomie culturelle durable port\u00e9e par la jeunesse et la cr\u00e9ativit\u00e9.<\/p>\n\n\n\n<p>Reconnu au-del\u00e0 du Tchad, son engagement lui vaut des distinctions majeures : \u2022Meilleur entrepreneur culturel d\u2019Afrique du PADEV 2024 \u00e0 Kigali \u2013 Rwanda&nbsp; \u2022Membre du jury du FESPACO 2025 au Burkina Faso<\/p>\n\n\n\n<p><strong>Mawndo\u00e9 <\/strong><strong>s\u2019impose comme une figure incontournable de la culture africaine, inspirant une nouvelle g\u00e9n\u00e9ration d\u2019artistes et d\u2019acteurs du changement<\/strong><strong>.<\/strong><\/p>\n\n\n\n<figure class=\"wp-block-gallery columns-2 is-cropped\"><ul class=\"blocks-gallery-grid\"><li class=\"blocks-gallery-item\"><figure><img loading=\"lazy\" width=\"1024\" height=\"613\" src=\"http:\/\/aunomdelart.net\/wp-content\/uploads\/2025\/02\/IMG-20241016-WA0056-1024x613-1.jpg\" alt=\"\" data-id=\"598\" data-full-url=\"http:\/\/aunomdelart.net\/wp-content\/uploads\/2025\/02\/IMG-20241016-WA0056-1024x613-1.jpg\" data-link=\"https:\/\/aunomdelart.net\/?attachment_id=598\" class=\"wp-image-598\" srcset=\"https:\/\/aunomdelart.net\/wp-content\/uploads\/2025\/02\/IMG-20241016-WA0056-1024x613-1.jpg 1024w, https:\/\/aunomdelart.net\/wp-content\/uploads\/2025\/02\/IMG-20241016-WA0056-1024x613-1-300x180.jpg 300w, https:\/\/aunomdelart.net\/wp-content\/uploads\/2025\/02\/IMG-20241016-WA0056-1024x613-1-768x460.jpg 768w, https:\/\/aunomdelart.net\/wp-content\/uploads\/2025\/02\/IMG-20241016-WA0056-1024x613-1-830x497.jpg 830w, https:\/\/aunomdelart.net\/wp-content\/uploads\/2025\/02\/IMG-20241016-WA0056-1024x613-1-230x138.jpg 230w, https:\/\/aunomdelart.net\/wp-content\/uploads\/2025\/02\/IMG-20241016-WA0056-1024x613-1-350x210.jpg 350w, https:\/\/aunomdelart.net\/wp-content\/uploads\/2025\/02\/IMG-20241016-WA0056-1024x613-1-480x287.jpg 480w\" sizes=\"(max-width: 1024px) 100vw, 1024px\" \/><\/figure><\/li><li class=\"blocks-gallery-item\"><figure><img loading=\"lazy\" width=\"1024\" height=\"546\" src=\"http:\/\/aunomdelart.net\/wp-content\/uploads\/2025\/02\/473652100_1206939444120633_535577552726560788_n-1024x546.jpg\" alt=\"\" data-id=\"599\" data-full-url=\"http:\/\/aunomdelart.net\/wp-content\/uploads\/2025\/02\/473652100_1206939444120633_535577552726560788_n.jpg\" data-link=\"https:\/\/aunomdelart.net\/?attachment_id=599\" class=\"wp-image-599\" srcset=\"https:\/\/aunomdelart.net\/wp-content\/uploads\/2025\/02\/473652100_1206939444120633_535577552726560788_n-1024x546.jpg 1024w, https:\/\/aunomdelart.net\/wp-content\/uploads\/2025\/02\/473652100_1206939444120633_535577552726560788_n-300x160.jpg 300w, https:\/\/aunomdelart.net\/wp-content\/uploads\/2025\/02\/473652100_1206939444120633_535577552726560788_n-768x410.jpg 768w, https:\/\/aunomdelart.net\/wp-content\/uploads\/2025\/02\/473652100_1206939444120633_535577552726560788_n-1536x819.jpg 1536w, https:\/\/aunomdelart.net\/wp-content\/uploads\/2025\/02\/473652100_1206939444120633_535577552726560788_n-830x443.jpg 830w, https:\/\/aunomdelart.net\/wp-content\/uploads\/2025\/02\/473652100_1206939444120633_535577552726560788_n-230x123.jpg 230w, https:\/\/aunomdelart.net\/wp-content\/uploads\/2025\/02\/473652100_1206939444120633_535577552726560788_n-350x187.jpg 350w, https:\/\/aunomdelart.net\/wp-content\/uploads\/2025\/02\/473652100_1206939444120633_535577552726560788_n-480x256.jpg 480w, https:\/\/aunomdelart.net\/wp-content\/uploads\/2025\/02\/473652100_1206939444120633_535577552726560788_n.jpg 2048w\" sizes=\"(max-width: 1024px) 100vw, 1024px\" \/><\/figure><\/li><\/ul><\/figure>\n\n\n\n<p><\/p>\n","protected":false},"excerpt":{"rendered":"<p>Un engagement artistique aux r\u00e9percussions sociales L&#8217;impact social et musical de Mawndo\u00e9 s\u2019amplifie, attirant une attention m\u00e9diatique croissante. De nombreux reportages et interviews mettent en lumi\u00e8re son engagement artistique et humanitaire. \u00c0 travers les m\u00e9dias nationaux et internationaux, il inscrit l\u2019art au c\u0153ur d\u2019un projet social et \u00e9conomique d\u2019envergure. L\u2019Art, moteur de transformation sociale Convaincu [&hellip;]<\/p>\n","protected":false},"author":1,"featured_media":0,"parent":473,"menu_order":3,"comment_status":"closed","ping_status":"closed","template":"","meta":[],"_links":{"self":[{"href":"https:\/\/aunomdelart.net\/index.php\/wp-json\/wp\/v2\/pages\/596"}],"collection":[{"href":"https:\/\/aunomdelart.net\/index.php\/wp-json\/wp\/v2\/pages"}],"about":[{"href":"https:\/\/aunomdelart.net\/index.php\/wp-json\/wp\/v2\/types\/page"}],"author":[{"embeddable":true,"href":"https:\/\/aunomdelart.net\/index.php\/wp-json\/wp\/v2\/users\/1"}],"replies":[{"embeddable":true,"href":"https:\/\/aunomdelart.net\/index.php\/wp-json\/wp\/v2\/comments?post=596"}],"version-history":[{"count":3,"href":"https:\/\/aunomdelart.net\/index.php\/wp-json\/wp\/v2\/pages\/596\/revisions"}],"predecessor-version":[{"id":764,"href":"https:\/\/aunomdelart.net\/index.php\/wp-json\/wp\/v2\/pages\/596\/revisions\/764"}],"up":[{"embeddable":true,"href":"https:\/\/aunomdelart.net\/index.php\/wp-json\/wp\/v2\/pages\/473"}],"wp:attachment":[{"href":"https:\/\/aunomdelart.net\/index.php\/wp-json\/wp\/v2\/media?parent=596"}],"curies":[{"name":"wp","href":"https:\/\/api.w.org\/{rel}","templated":true}]}}