{"id":473,"date":"2025-02-15T19:38:48","date_gmt":"2025-02-15T18:38:48","guid":{"rendered":"https:\/\/aunomdelart.net\/?page_id=473"},"modified":"2025-03-20T22:23:08","modified_gmt":"2025-03-20T21:23:08","slug":"mawndoe","status":"publish","type":"page","link":"https:\/\/aunomdelart.net\/index.php\/mawndoe\/","title":{"rendered":"Mawndo\u00e9"},"content":{"rendered":"\n<p>En raison d&#8217;un probl\u00e8me technique sur le site mawndoe.com &#8211; Les informations concernant Mawndo\u00e9 sont transf\u00e9r\u00e9es sur ce site. &#8211; Veuillez nous en excuser. <\/p>\n\n\n\n<div class=\"wp-block-file\"><a href=\"http:\/\/aunomdelart.net\/wp-content\/uploads\/2025\/03\/dossier-de-presse-25-version-finale-V3.pdf\" target=\"_blank\" rel=\"noreferrer noopener\">dossier de presse 25 version finale V3<\/a><a href=\"http:\/\/aunomdelart.net\/wp-content\/uploads\/2025\/03\/dossier-de-presse-25-version-finale-V3.pdf\" class=\"wp-block-file__button\" download>Download<\/a><\/div>\n\n\n\n<p>English PressBook<\/p>\n\n\n\n<div class=\"wp-block-file\"><a href=\"http:\/\/aunomdelart.net\/wp-content\/uploads\/2025\/03\/Press-book-2025-English-version-V3.pdf\">Press-book-2025-English-version-V3<\/a><a href=\"http:\/\/aunomdelart.net\/wp-content\/uploads\/2025\/03\/Press-book-2025-English-version-V3.pdf\" class=\"wp-block-file__button\" download>Download<\/a><\/div>\n\n\n\n<div class=\"wp-block-columns\">\n<div class=\"wp-block-column\">\n<div class=\"wp-block-media-text alignwide is-stacked-on-mobile\" style=\"grid-template-columns:19% auto\"><figure class=\"wp-block-media-text__media\"><a href=\"https:\/\/aunomdelart.net\/index.php\/mawndoe\/un-artiste-libre\/\"><img loading=\"lazy\" width=\"935\" height=\"1024\" src=\"https:\/\/aunomdelart.net\/wp-content\/uploads\/2025\/02\/Photo-mawndoe-2024-V2-935x1024.jpg\" alt=\"\" class=\"wp-image-618 size-full\" srcset=\"https:\/\/aunomdelart.net\/wp-content\/uploads\/2025\/02\/Photo-mawndoe-2024-V2-935x1024.jpg 935w, https:\/\/aunomdelart.net\/wp-content\/uploads\/2025\/02\/Photo-mawndoe-2024-V2-274x300.jpg 274w, https:\/\/aunomdelart.net\/wp-content\/uploads\/2025\/02\/Photo-mawndoe-2024-V2-768x841.jpg 768w, https:\/\/aunomdelart.net\/wp-content\/uploads\/2025\/02\/Photo-mawndoe-2024-V2-1403x1536.jpg 1403w, https:\/\/aunomdelart.net\/wp-content\/uploads\/2025\/02\/Photo-mawndoe-2024-V2-1871x2048.jpg 1871w, https:\/\/aunomdelart.net\/wp-content\/uploads\/2025\/02\/Photo-mawndoe-2024-V2-830x909.jpg 830w, https:\/\/aunomdelart.net\/wp-content\/uploads\/2025\/02\/Photo-mawndoe-2024-V2-230x252.jpg 230w, https:\/\/aunomdelart.net\/wp-content\/uploads\/2025\/02\/Photo-mawndoe-2024-V2-350x383.jpg 350w, https:\/\/aunomdelart.net\/wp-content\/uploads\/2025\/02\/Photo-mawndoe-2024-V2-480x526.jpg 480w\" sizes=\"(max-width: 935px) 100vw, 935px\" \/><\/a><\/figure><div class=\"wp-block-media-text__content\">\n<p class=\"has-medium-font-size\"><span class=\"has-inline-color has-vivid-cyan-blue-color\"><a href=\"https:\/\/aunomdelart.net\/wp-admin\/post.php?post=620&amp;action=edit\">Biographie<\/a><\/span><\/p>\n<\/div><\/div>\n\n\n\n<p><\/p>\n\n\n\n<div class=\"wp-block-media-text alignwide is-stacked-on-mobile\" style=\"grid-template-columns:21% auto\"><figure class=\"wp-block-media-text__media\"><a href=\"https:\/\/aunomdelart.net\/index.php\/mawndoe\/musique\"><img loading=\"lazy\" width=\"300\" height=\"300\" src=\"https:\/\/aunomdelart.net\/wp-content\/uploads\/2025\/02\/473757264_574111722196066_1551030447221131898_n-1-300x300.jpg\" alt=\"\" class=\"wp-image-617 size-medium\" srcset=\"https:\/\/aunomdelart.net\/wp-content\/uploads\/2025\/02\/473757264_574111722196066_1551030447221131898_n-1-300x300.jpg 300w, https:\/\/aunomdelart.net\/wp-content\/uploads\/2025\/02\/473757264_574111722196066_1551030447221131898_n-1-150x150.jpg 150w, https:\/\/aunomdelart.net\/wp-content\/uploads\/2025\/02\/473757264_574111722196066_1551030447221131898_n-1-230x230.jpg 230w, https:\/\/aunomdelart.net\/wp-content\/uploads\/2025\/02\/473757264_574111722196066_1551030447221131898_n-1-350x350.jpg 350w, https:\/\/aunomdelart.net\/wp-content\/uploads\/2025\/02\/473757264_574111722196066_1551030447221131898_n-1-480x480.jpg 480w, https:\/\/aunomdelart.net\/wp-content\/uploads\/2025\/02\/473757264_574111722196066_1551030447221131898_n-1.jpg 552w\" sizes=\"(max-width: 300px) 100vw, 300px\" \/><\/a><\/figure><div class=\"wp-block-media-text__content\">\n<p class=\"has-medium-font-size\"><span class=\"has-inline-color has-vivid-cyan-blue-color\"><a href=\"https:\/\/aunomdelart.net\/index.php\/mawndoe\/musique\">Musique<\/a><\/span><\/p>\n<\/div><\/div>\n\n\n\n<p><\/p>\n\n\n\n<div class=\"wp-block-media-text alignwide is-stacked-on-mobile\" style=\"grid-template-columns:20% auto\"><figure class=\"wp-block-media-text__media\"><a href=\"https:\/\/aunomdelart.net\/index.php\/mawndoe\/mawndoe-clip\/\"><img loading=\"lazy\" width=\"552\" height=\"577\" src=\"http:\/\/aunomdelart.net\/wp-content\/uploads\/2025\/02\/471594774_1193254182155826_8524022876494460067_n.jpg\" alt=\"\" class=\"wp-image-594 size-full\" srcset=\"https:\/\/aunomdelart.net\/wp-content\/uploads\/2025\/02\/471594774_1193254182155826_8524022876494460067_n.jpg 552w, https:\/\/aunomdelart.net\/wp-content\/uploads\/2025\/02\/471594774_1193254182155826_8524022876494460067_n-287x300.jpg 287w, https:\/\/aunomdelart.net\/wp-content\/uploads\/2025\/02\/471594774_1193254182155826_8524022876494460067_n-230x240.jpg 230w, https:\/\/aunomdelart.net\/wp-content\/uploads\/2025\/02\/471594774_1193254182155826_8524022876494460067_n-350x366.jpg 350w, https:\/\/aunomdelart.net\/wp-content\/uploads\/2025\/02\/471594774_1193254182155826_8524022876494460067_n-480x502.jpg 480w\" sizes=\"(max-width: 552px) 100vw, 552px\" \/><\/a><\/figure><div class=\"wp-block-media-text__content\">\n<p class=\"has-medium-font-size\"><span class=\"has-inline-color has-vivid-cyan-blue-color\"><a href=\"https:\/\/aunomdelart.net\/index.php\/mawndoe\/mawndoe-clip\/\">Clips<\/a><\/span><\/p>\n<\/div><\/div>\n<\/div>\n\n\n\n<div class=\"wp-block-column\">\n<div class=\"wp-block-media-text alignwide is-stacked-on-mobile\" style=\"grid-template-columns:24% auto\"><figure class=\"wp-block-media-text__media\"><img loading=\"lazy\" width=\"552\" height=\"557\" src=\"http:\/\/aunomdelart.net\/wp-content\/uploads\/2025\/02\/portait-bl-V2.jpg\" alt=\"\" class=\"wp-image-606 size-full\" srcset=\"https:\/\/aunomdelart.net\/wp-content\/uploads\/2025\/02\/portait-bl-V2.jpg 552w, https:\/\/aunomdelart.net\/wp-content\/uploads\/2025\/02\/portait-bl-V2-297x300.jpg 297w, https:\/\/aunomdelart.net\/wp-content\/uploads\/2025\/02\/portait-bl-V2-150x150.jpg 150w, https:\/\/aunomdelart.net\/wp-content\/uploads\/2025\/02\/portait-bl-V2-230x232.jpg 230w, https:\/\/aunomdelart.net\/wp-content\/uploads\/2025\/02\/portait-bl-V2-350x353.jpg 350w, https:\/\/aunomdelart.net\/wp-content\/uploads\/2025\/02\/portait-bl-V2-480x484.jpg 480w\" sizes=\"(max-width: 552px) 100vw, 552px\" \/><\/figure><div class=\"wp-block-media-text__content\">\n<p class=\"has-medium-font-size\"><a href=\"https:\/\/aunomdelart.net\/index.php\/impact-social\/\">Impact Social <\/a><\/p>\n<\/div><\/div>\n\n\n\n<p><\/p>\n\n\n\n<div class=\"wp-block-media-text alignwide is-stacked-on-mobile\" style=\"grid-template-columns:27% auto\"><figure class=\"wp-block-media-text__media\"><a href=\"https:\/\/aunomdelart.net\/index.php\/mawndoe\/biographie-2\/\"><img loading=\"lazy\" width=\"300\" height=\"225\" src=\"https:\/\/aunomdelart.net\/wp-content\/uploads\/2025\/02\/micro-300x225.jpg\" alt=\"\" class=\"wp-image-628 size-medium\" srcset=\"https:\/\/aunomdelart.net\/wp-content\/uploads\/2025\/02\/micro-300x225.jpg 300w, https:\/\/aunomdelart.net\/wp-content\/uploads\/2025\/02\/micro-1024x769.jpg 1024w, https:\/\/aunomdelart.net\/wp-content\/uploads\/2025\/02\/micro-768x577.jpg 768w, https:\/\/aunomdelart.net\/wp-content\/uploads\/2025\/02\/micro-1536x1153.jpg 1536w, https:\/\/aunomdelart.net\/wp-content\/uploads\/2025\/02\/micro-2048x1538.jpg 2048w, https:\/\/aunomdelart.net\/wp-content\/uploads\/2025\/02\/micro-830x623.jpg 830w, https:\/\/aunomdelart.net\/wp-content\/uploads\/2025\/02\/micro-230x173.jpg 230w, https:\/\/aunomdelart.net\/wp-content\/uploads\/2025\/02\/micro-350x263.jpg 350w, https:\/\/aunomdelart.net\/wp-content\/uploads\/2025\/02\/micro-480x360.jpg 480w\" sizes=\"(max-width: 300px) 100vw, 300px\" \/><\/a><\/figure><div class=\"wp-block-media-text__content\">\n<p class=\"has-medium-font-size\"><a href=\"https:\/\/aunomdelart.net\/index.php\/mawndoe\/biographie-2\/\">Univers Musical<\/a><\/p>\n<\/div><\/div>\n\n\n\n<p><\/p>\n\n\n\n<div class=\"wp-block-media-text alignwide is-stacked-on-mobile\" style=\"grid-template-columns:30% auto\"><figure class=\"wp-block-media-text__media\"><a href=\"https:\/\/aunomdelart.net\/index.php\/mawndoe\/photos-mawndoe\/\"><img loading=\"lazy\" width=\"1024\" height=\"769\" src=\"https:\/\/aunomdelart.net\/wp-content\/uploads\/2025\/02\/1er-pasge-press-book-1-1024x769.jpg\" alt=\"\" class=\"wp-image-634 size-full\" srcset=\"https:\/\/aunomdelart.net\/wp-content\/uploads\/2025\/02\/1er-pasge-press-book-1-1024x769.jpg 1024w, https:\/\/aunomdelart.net\/wp-content\/uploads\/2025\/02\/1er-pasge-press-book-1-300x225.jpg 300w, https:\/\/aunomdelart.net\/wp-content\/uploads\/2025\/02\/1er-pasge-press-book-1-768x577.jpg 768w, https:\/\/aunomdelart.net\/wp-content\/uploads\/2025\/02\/1er-pasge-press-book-1-1536x1153.jpg 1536w, https:\/\/aunomdelart.net\/wp-content\/uploads\/2025\/02\/1er-pasge-press-book-1-2048x1538.jpg 2048w, https:\/\/aunomdelart.net\/wp-content\/uploads\/2025\/02\/1er-pasge-press-book-1-830x623.jpg 830w, https:\/\/aunomdelart.net\/wp-content\/uploads\/2025\/02\/1er-pasge-press-book-1-230x173.jpg 230w, https:\/\/aunomdelart.net\/wp-content\/uploads\/2025\/02\/1er-pasge-press-book-1-350x263.jpg 350w, https:\/\/aunomdelart.net\/wp-content\/uploads\/2025\/02\/1er-pasge-press-book-1-480x360.jpg 480w\" sizes=\"(max-width: 1024px) 100vw, 1024px\" \/><\/a><\/figure><div class=\"wp-block-media-text__content\">\n<p class=\"has-medium-font-size\">Photos<\/p>\n<\/div><\/div>\n<\/div>\n<\/div>\n\n\n\n<div class=\"wp-block-media-text is-stacked-on-mobile is-vertically-aligned-top\" style=\"grid-template-columns:15% auto\"><figure class=\"wp-block-media-text__media\"><img loading=\"lazy\" width=\"681\" height=\"1024\" src=\"http:\/\/aunomdelart.net\/wp-content\/uploads\/2025\/02\/DSC_6470-1-2-681x1024.jpg\" alt=\"\" class=\"wp-image-691 size-full\" srcset=\"https:\/\/aunomdelart.net\/wp-content\/uploads\/2025\/02\/DSC_6470-1-2-681x1024.jpg 681w, https:\/\/aunomdelart.net\/wp-content\/uploads\/2025\/02\/DSC_6470-1-2-199x300.jpg 199w, https:\/\/aunomdelart.net\/wp-content\/uploads\/2025\/02\/DSC_6470-1-2-768x1155.jpg 768w, https:\/\/aunomdelart.net\/wp-content\/uploads\/2025\/02\/DSC_6470-1-2-1021x1536.jpg 1021w, https:\/\/aunomdelart.net\/wp-content\/uploads\/2025\/02\/DSC_6470-1-2-1362x2048.jpg 1362w, https:\/\/aunomdelart.net\/wp-content\/uploads\/2025\/02\/DSC_6470-1-2-830x1248.jpg 830w, https:\/\/aunomdelart.net\/wp-content\/uploads\/2025\/02\/DSC_6470-1-2-230x346.jpg 230w, https:\/\/aunomdelart.net\/wp-content\/uploads\/2025\/02\/DSC_6470-1-2-350x526.jpg 350w, https:\/\/aunomdelart.net\/wp-content\/uploads\/2025\/02\/DSC_6470-1-2-480x722.jpg 480w, https:\/\/aunomdelart.net\/wp-content\/uploads\/2025\/02\/DSC_6470-1-2-scaled.jpg 1702w\" sizes=\"(max-width: 681px) 100vw, 681px\" \/><\/figure><div class=\"wp-block-media-text__content\">\n<p class=\"has-large-font-size\"><a href=\"https:\/\/aunomdelart.net\/index.php\/mawndoe\/live-mawndoe\/\" data-type=\"URL\" data-id=\"https:\/\/aunomdelart.net\/index.php\/mawndoe\/live-mawndoe\/\"><sup>Live<\/sup><\/a><\/p>\n<\/div><\/div>\n\n\n\n<p class=\"has-text-align-center\">                                                                         Carte de visite : <a href=\"http:\/\/mawndoe.carrd.co\" data-type=\"URL\" data-id=\"mawndoe.carrd.co\" target=\"_blank\" rel=\"noreferrer noopener\">mawndoe.carrd.co <\/a><a href=\"https:\/\/aunomdelart.net\/wp-content\/uploads\/2025\/03\/dossier-de-presse-25-version-finale-V3.pdf\" data-type=\"URL\">  <\/a>                            <\/p>\n","protected":false},"excerpt":{"rendered":"<p>En raison d&#8217;un probl\u00e8me technique sur le site mawndoe.com &#8211; Les informations concernant Mawndo\u00e9 sont transf\u00e9r\u00e9es sur ce site. &#8211; Veuillez nous en excuser. English PressBook Live Carte de visite : mawndoe.carrd.co<\/p>\n","protected":false},"author":1,"featured_media":628,"parent":0,"menu_order":0,"comment_status":"closed","ping_status":"closed","template":"","meta":[],"_links":{"self":[{"href":"https:\/\/aunomdelart.net\/index.php\/wp-json\/wp\/v2\/pages\/473"}],"collection":[{"href":"https:\/\/aunomdelart.net\/index.php\/wp-json\/wp\/v2\/pages"}],"about":[{"href":"https:\/\/aunomdelart.net\/index.php\/wp-json\/wp\/v2\/types\/page"}],"author":[{"embeddable":true,"href":"https:\/\/aunomdelart.net\/index.php\/wp-json\/wp\/v2\/users\/1"}],"replies":[{"embeddable":true,"href":"https:\/\/aunomdelart.net\/index.php\/wp-json\/wp\/v2\/comments?post=473"}],"version-history":[{"count":21,"href":"https:\/\/aunomdelart.net\/index.php\/wp-json\/wp\/v2\/pages\/473\/revisions"}],"predecessor-version":[{"id":756,"href":"https:\/\/aunomdelart.net\/index.php\/wp-json\/wp\/v2\/pages\/473\/revisions\/756"}],"wp:featuredmedia":[{"embeddable":true,"href":"https:\/\/aunomdelart.net\/index.php\/wp-json\/wp\/v2\/media\/628"}],"wp:attachment":[{"href":"https:\/\/aunomdelart.net\/index.php\/wp-json\/wp\/v2\/media?parent=473"}],"curies":[{"name":"wp","href":"https:\/\/api.w.org\/{rel}","templated":true}]}}