{"id":21,"date":"2021-02-12T19:17:40","date_gmt":"2021-02-12T18:17:40","guid":{"rendered":"http:\/\/aunomdelart.net\/?page_id=21"},"modified":"2025-08-12T10:31:04","modified_gmt":"2025-08-12T08:31:04","slug":"les-reines-de-gaoui","status":"publish","type":"page","link":"https:\/\/aunomdelart.net\/index.php\/projets-et-actions\/les-reines-de-gaoui\/","title":{"rendered":"Les Reines de Gaoui"},"content":{"rendered":"\n<div class=\"wp-block-image\"><figure class=\"aligncenter is-resized\"><img loading=\"lazy\" src=\"http:\/\/aunomdelart.net\/wp-content\/uploads\/2021\/02\/logo-les-reines-de-Gaoui-1024x811.jpg\" alt=\"\" class=\"wp-image-41\" width=\"377\" height=\"298\" srcset=\"https:\/\/aunomdelart.net\/wp-content\/uploads\/2021\/02\/logo-les-reines-de-Gaoui-1024x811.jpg 1024w, https:\/\/aunomdelart.net\/wp-content\/uploads\/2021\/02\/logo-les-reines-de-Gaoui-300x238.jpg 300w, https:\/\/aunomdelart.net\/wp-content\/uploads\/2021\/02\/logo-les-reines-de-Gaoui-768x608.jpg 768w, https:\/\/aunomdelart.net\/wp-content\/uploads\/2021\/02\/logo-les-reines-de-Gaoui.jpg 1080w\" sizes=\"(max-width: 377px) 100vw, 377px\" \/><\/figure><\/div>\n\n\n\n<p class=\"has-text-align-center\"><strong>Projet de constructions, d&#8217;\u00e9quipements d\u2019ateliers et de galeries d&#8217;art, d&#8217;artisanat, de poteries industrielles des&nbsp;femmes&nbsp;poti\u00e8re&nbsp;du&nbsp;Tchad<\/strong><\/p>\n\n\n\n<p class=\"has-text-align-center\"><strong>R\u00e9sidences de cr\u00e9ations, ateliers de formations, de production, <\/strong><\/p>\n\n\n\n<p class=\"has-text-align-center\"><strong>SCULPTURE EN ARGILE, OBJETS ARTISANAUX ET INDUSTRIELS<\/strong><\/p>\n\n\n\n<p>Ce projet b\u00e9n\u00e9ficie de l&#8217;appui de l&#8217;Institut Fran\u00e7ais et de la AFD dans le cadre du programme <strong>ACCES CULTURE<\/strong><\/p>\n\n\n\n<div class=\"wp-block-image\"><figure class=\"aligncenter is-resized\"><img loading=\"lazy\" src=\"http:\/\/aunomdelart.net\/wp-content\/uploads\/2021\/02\/105375150_106315451131847_2110618743923713913_o.png\" alt=\"\" class=\"wp-image-40\" width=\"365\" height=\"138\" srcset=\"https:\/\/aunomdelart.net\/wp-content\/uploads\/2021\/02\/105375150_106315451131847_2110618743923713913_o.png 960w, https:\/\/aunomdelart.net\/wp-content\/uploads\/2021\/02\/105375150_106315451131847_2110618743923713913_o-300x114.png 300w, https:\/\/aunomdelart.net\/wp-content\/uploads\/2021\/02\/105375150_106315451131847_2110618743923713913_o-768x292.png 768w\" sizes=\"(max-width: 365px) 100vw, 365px\" \/><\/figure><\/div>\n\n\n\n<div class=\"wp-block-image\"><figure class=\"aligncenter is-resized\"><img loading=\"lazy\" src=\"http:\/\/aunomdelart.net\/wp-content\/uploads\/2021\/02\/t\u00e9l\u00e9chargement.png\" alt=\"\" class=\"wp-image-43\" width=\"164\" height=\"72\" srcset=\"https:\/\/aunomdelart.net\/wp-content\/uploads\/2021\/02\/t\u00e9l\u00e9chargement.png 339w, https:\/\/aunomdelart.net\/wp-content\/uploads\/2021\/02\/t\u00e9l\u00e9chargement-300x132.png 300w\" sizes=\"(max-width: 164px) 100vw, 164px\" \/><\/figure><\/div>\n\n\n\n<h3>Au nom de l&#8217;art, de la femme et de l&#8217;essentiel. <\/h3>\n\n\n\n<p class=\"has-text-align-left\">Elles sont m\u00e8res, grand m\u00e8res, filles et petites filles \u00e0 se passer le flambeau depuis plusieurs g\u00e9n\u00e9rations \u00e0 Gaoui petit le village d&#8217;origine de la l\u00e9gende des Sao situ\u00e9 \u00e0 25 kilom\u00e8tres de N&#8217;Djamena.<\/p>\n\n\n\n<p>Elles ont d\u00e9j\u00e0 la main et une technique ancestrale qui leur est propre. Cette pratique de l&#8217;argile a permis la fabrication des millions des jarres, d\u2019ustensile de cuisine pour des milliers des familles et quelques objets de d\u00e9coration. <\/p>\n\n\n\n<p>Malheureusement ce noble m\u00e9tier qui fait vivre beaucoup de foyers fait face d&#8217;\u00e9normes difficult\u00e9s est par manque de cr\u00e9ativit\u00e9 et des probl\u00e8mes d&#8217;ordres sociaux \u00e9conomiques.<\/p>\n\n\n\n<p>Le projet Au nom de l&#8217;Art initi\u00e9 par l&#8217;artiste musicien et sculpteur Mawndo\u00e9 pour initier les petits de 7 \u00e0 15 ans \u00e0 la cr\u00e9ation \u00e0 travers la musique et la sculpture \u00e0 l&#8217;institut fran\u00e7ais du Tchad a d\u00e9couvert ces braves femmes lors d&#8217;une sortie nature \u00e0 Gaoui.<\/p>\n\n\n\n<p>Au d\u00e9but, elles devaient juste nous fournir en argile pour nos ateliers de poterie durant nos r\u00e9sidences de cr\u00e9ations et au fil du temps des liens de fraternit\u00e9 et d&#8217;amiti\u00e9 se sont tiss\u00e9s entre nous. <\/p>\n\n\n\n<p>Elles nous ont  permis d&#8217;entrer dans leur univers teint\u00e9 de beau mais aussi de peur.<\/p>\n\n\n\n<ul><li><strong>La peur de voir leur noble m\u00e9tier, h\u00e9rit\u00e9 de leurs anc\u00eatres, qui les fait vivre depuis des ann\u00e9es disparaitre du jour au lendemain, face l&#8217;arriv\u00e9e massive des produits industriels de l\u2019\u00e9tranger. <\/strong><\/li><li><strong>La peur d&#8217;arriver \u00e0 bout de souffle et contraintes d&#8217;abandonner face \u00e0 la pr\u00e9carit\u00e9.<\/strong><\/li><li><strong>En fin la peur de voir tout une histoire disparaitre sans laisser des traces pour les g\u00e9n\u00e9rations futures.<\/strong><\/li><li><\/li><\/ul>\n\n\n\n<p>Face cette urgence, l&#8217;association Au nom de l&#8217;Art, qui a pour but de promouvoir l&#8217;art et le bien-\u00eatre social, a ressenti le besoin d\u2019ouvrir son projet afin d\u2019accompagner ces femmes, en proposant des cadres d&#8217;expressions comme un symposium d&#8217;argile, des ateliers de formations, des r\u00e9sidences de cr\u00e9ation, des projets d&#8217;expositions, d&#8217;industrialisation pour le grand public et des constructions des galeries&#8230;<\/p>\n\n\n\n<p><a href=\"https:\/\/aunomdelart.net\/index.php\/projets-et-actions\/les-reines-de-gaoui\/les-objectifs-du-projet\/\">Les objectifs du projet<\/a><\/p>\n\n\n\n<p><a href=\"https:\/\/aunomdelart.net\/index.php\/projets-et-actions\/les-reines-de-gaoui\/les-volets-du-projet\/\">Les volets du projet<\/a><\/p>\n\n\n\n<p><a href=\"https:\/\/aunomdelart.net\/index.php\/projets-et-actions\/les-reines-de-gaoui\/les-potieres-de-gaoui\/biennale-expoterie\/\">Expoterie\/ Biennale<\/a><\/p>\n\n\n\n<p><\/p>\n","protected":false},"excerpt":{"rendered":"<p>Projet de constructions, d&#8217;\u00e9quipements d\u2019ateliers et de galeries d&#8217;art, d&#8217;artisanat, de poteries industrielles des&nbsp;femmes&nbsp;poti\u00e8re&nbsp;du&nbsp;Tchad R\u00e9sidences de cr\u00e9ations, ateliers de formations, de production, SCULPTURE EN ARGILE, OBJETS ARTISANAUX ET INDUSTRIELS Ce projet b\u00e9n\u00e9ficie de l&#8217;appui de l&#8217;Institut Fran\u00e7ais et de la AFD dans le cadre du programme ACCES CULTURE Au nom de l&#8217;art, de la femme [&hellip;]<\/p>\n","protected":false},"author":1,"featured_media":0,"parent":281,"menu_order":2,"comment_status":"closed","ping_status":"closed","template":"","meta":[],"_links":{"self":[{"href":"https:\/\/aunomdelart.net\/index.php\/wp-json\/wp\/v2\/pages\/21"}],"collection":[{"href":"https:\/\/aunomdelart.net\/index.php\/wp-json\/wp\/v2\/pages"}],"about":[{"href":"https:\/\/aunomdelart.net\/index.php\/wp-json\/wp\/v2\/types\/page"}],"author":[{"embeddable":true,"href":"https:\/\/aunomdelart.net\/index.php\/wp-json\/wp\/v2\/users\/1"}],"replies":[{"embeddable":true,"href":"https:\/\/aunomdelart.net\/index.php\/wp-json\/wp\/v2\/comments?post=21"}],"version-history":[{"count":5,"href":"https:\/\/aunomdelart.net\/index.php\/wp-json\/wp\/v2\/pages\/21\/revisions"}],"predecessor-version":[{"id":820,"href":"https:\/\/aunomdelart.net\/index.php\/wp-json\/wp\/v2\/pages\/21\/revisions\/820"}],"up":[{"embeddable":true,"href":"https:\/\/aunomdelart.net\/index.php\/wp-json\/wp\/v2\/pages\/281"}],"wp:attachment":[{"href":"https:\/\/aunomdelart.net\/index.php\/wp-json\/wp\/v2\/media?parent=21"}],"curies":[{"name":"wp","href":"https:\/\/api.w.org\/{rel}","templated":true}]}}