{"id":184,"date":"2021-04-18T12:34:09","date_gmt":"2021-04-18T10:34:09","guid":{"rendered":"http:\/\/aunomdelart.net\/?page_id=184"},"modified":"2025-05-08T21:54:15","modified_gmt":"2025-05-08T19:54:15","slug":"biennale-expoterie","status":"publish","type":"page","link":"https:\/\/aunomdelart.net\/index.php\/projets-et-actions\/les-reines-de-gaoui\/les-potieres-de-gaoui\/biennale-expoterie\/","title":{"rendered":"Biennale- Expoterie"},"content":{"rendered":"\n<p>Le projet Au Nom de l&#8217;Art c&#8217;est aussi &#8211; <\/p>\n\n\n\n<ul><li>Biennale \u00e0 Gaoui avec la Maison de l&#8217;Argile permettant aux Reines de Gaoui de cr\u00e9er et d&#8217;exposer<\/li><\/ul>\n\n\n\n<ul><li>Une Expoterie \u00e0 N&#8217;Djamena permettant de promoouvoir les cr\u00e9ations des Reines de Gaoui <\/li><\/ul>\n\n\n\n<figure class=\"wp-block-gallery columns-2 is-cropped\"><ul class=\"blocks-gallery-grid\"><li class=\"blocks-gallery-item\"><figure><img loading=\"lazy\" width=\"960\" height=\"720\" src=\"http:\/\/aunomdelart.net\/wp-content\/uploads\/2021\/04\/164007302_287638522717401_998767952368083163_n-1.jpg\" alt=\"\" data-id=\"185\" data-link=\"http:\/\/aunomdelart.net\/?attachment_id=185\" class=\"wp-image-185\" srcset=\"https:\/\/aunomdelart.net\/wp-content\/uploads\/2021\/04\/164007302_287638522717401_998767952368083163_n-1.jpg 960w, https:\/\/aunomdelart.net\/wp-content\/uploads\/2021\/04\/164007302_287638522717401_998767952368083163_n-1-300x225.jpg 300w, https:\/\/aunomdelart.net\/wp-content\/uploads\/2021\/04\/164007302_287638522717401_998767952368083163_n-1-768x576.jpg 768w, https:\/\/aunomdelart.net\/wp-content\/uploads\/2021\/04\/164007302_287638522717401_998767952368083163_n-1-830x623.jpg 830w, https:\/\/aunomdelart.net\/wp-content\/uploads\/2021\/04\/164007302_287638522717401_998767952368083163_n-1-230x173.jpg 230w, https:\/\/aunomdelart.net\/wp-content\/uploads\/2021\/04\/164007302_287638522717401_998767952368083163_n-1-350x263.jpg 350w, https:\/\/aunomdelart.net\/wp-content\/uploads\/2021\/04\/164007302_287638522717401_998767952368083163_n-1-480x360.jpg 480w\" sizes=\"(max-width: 960px) 100vw, 960px\" \/><\/figure><\/li><li class=\"blocks-gallery-item\"><figure><img loading=\"lazy\" width=\"960\" height=\"502\" src=\"http:\/\/aunomdelart.net\/wp-content\/uploads\/2021\/04\/164345502_287583519389568_223608206286738279_n.jpg\" alt=\"\" data-id=\"186\" data-full-url=\"http:\/\/aunomdelart.net\/wp-content\/uploads\/2021\/04\/164345502_287583519389568_223608206286738279_n.jpg\" data-link=\"http:\/\/aunomdelart.net\/?attachment_id=186\" class=\"wp-image-186\" srcset=\"https:\/\/aunomdelart.net\/wp-content\/uploads\/2021\/04\/164345502_287583519389568_223608206286738279_n.jpg 960w, https:\/\/aunomdelart.net\/wp-content\/uploads\/2021\/04\/164345502_287583519389568_223608206286738279_n-300x157.jpg 300w, https:\/\/aunomdelart.net\/wp-content\/uploads\/2021\/04\/164345502_287583519389568_223608206286738279_n-768x402.jpg 768w, https:\/\/aunomdelart.net\/wp-content\/uploads\/2021\/04\/164345502_287583519389568_223608206286738279_n-830x434.jpg 830w, https:\/\/aunomdelart.net\/wp-content\/uploads\/2021\/04\/164345502_287583519389568_223608206286738279_n-230x120.jpg 230w, https:\/\/aunomdelart.net\/wp-content\/uploads\/2021\/04\/164345502_287583519389568_223608206286738279_n-350x183.jpg 350w, https:\/\/aunomdelart.net\/wp-content\/uploads\/2021\/04\/164345502_287583519389568_223608206286738279_n-480x251.jpg 480w\" sizes=\"(max-width: 960px) 100vw, 960px\" \/><\/figure><\/li><\/ul><\/figure>\n\n\n\n<p>Voir des images de la Biennales 2021 <\/p>\n\n\n\n<p>Voir des image de l&#8217;Expoterie 2021 <\/p>\n","protected":false},"excerpt":{"rendered":"<p>Le projet Au Nom de l&#8217;Art c&#8217;est aussi &#8211; Biennale \u00e0 Gaoui avec la Maison de l&#8217;Argile permettant aux Reines de Gaoui de cr\u00e9er et d&#8217;exposer Une Expoterie \u00e0 N&#8217;Djamena permettant de promoouvoir les cr\u00e9ations des Reines de Gaoui Voir des images de la Biennales 2021 Voir des image de l&#8217;Expoterie 2021<\/p>\n","protected":false},"author":1,"featured_media":0,"parent":81,"menu_order":5,"comment_status":"closed","ping_status":"closed","template":"","meta":[],"_links":{"self":[{"href":"https:\/\/aunomdelart.net\/index.php\/wp-json\/wp\/v2\/pages\/184"}],"collection":[{"href":"https:\/\/aunomdelart.net\/index.php\/wp-json\/wp\/v2\/pages"}],"about":[{"href":"https:\/\/aunomdelart.net\/index.php\/wp-json\/wp\/v2\/types\/page"}],"author":[{"embeddable":true,"href":"https:\/\/aunomdelart.net\/index.php\/wp-json\/wp\/v2\/users\/1"}],"replies":[{"embeddable":true,"href":"https:\/\/aunomdelart.net\/index.php\/wp-json\/wp\/v2\/comments?post=184"}],"version-history":[{"count":1,"href":"https:\/\/aunomdelart.net\/index.php\/wp-json\/wp\/v2\/pages\/184\/revisions"}],"predecessor-version":[{"id":188,"href":"https:\/\/aunomdelart.net\/index.php\/wp-json\/wp\/v2\/pages\/184\/revisions\/188"}],"up":[{"embeddable":true,"href":"https:\/\/aunomdelart.net\/index.php\/wp-json\/wp\/v2\/pages\/81"}],"wp:attachment":[{"href":"https:\/\/aunomdelart.net\/index.php\/wp-json\/wp\/v2\/media?parent=184"}],"curies":[{"name":"wp","href":"https:\/\/api.w.org\/{rel}","templated":true}]}}